{"id":566,"date":"2014-05-27T06:56:56","date_gmt":"2014-05-27T06:56:56","guid":{"rendered":"https:\/\/archipress.org\/reda2\/?page_id=566"},"modified":"2014-05-27T06:56:56","modified_gmt":"2014-05-27T06:56:56","slug":"la-force-ne-fait-pas-le-vainqueur","status":"publish","type":"page","link":"https:\/\/reda.archipress.org\/?page_id=566","title":{"rendered":"La force ne fait pas le vainqueur"},"content":{"rendered":"<p style=\"color: #000000;\">par R\u00e9da Benkirane<\/p>\n<p style=\"color: #000000;\"><img loading=\"lazy\" decoding=\"async\" title=\"24 heures, Lausanne, CH\" src=\"https:\/\/reda.archipress.org\/images\/stories\/24h.gif\" alt=\"24 heures, Lausanne, CH\" width=\"100\" height=\"22\" border=\"0\" hspace=\"6\" \/><\/p>\n<p>12 ao\u00fbt 2006<\/p>\n<div style=\"color: #000000;\" align=\"justify\"><strong>R\u00c9FLEXION<\/strong><\/div>\n<div style=\"color: #000000;\" align=\"justify\"><\/div>\n<div style=\"color: #000000;\" align=\"justify\">\u00abL&rsquo;Etat d&rsquo;Isra\u00ebl est prisonnier d&rsquo;un cercle vicieux entre sa puissance militaire et son impuissance politique, que symbolise \u00e0 sa mani\u00e8re le mur de s\u00e9paration \u00e9difi\u00e9<br \/>\nen Cisjordanie\u00bb<\/div>\n<div style=\"color: #000000;\" align=\"justify\"><\/div>\n<div style=\"color: #000000;\" align=\"justify\">Les experts militaires isra\u00e9liens avaient pr\u00e9venu: la r\u00e9ponse de Tsahal \u00ab\u00e9craserait\u00bb les miliciens du Hezbollah \u00abd&rsquo;une mani\u00e8re dont ils n&rsquo;ont pas id\u00e9e\u00bb. Apr\u00e8s un mois de guerre, il reste difficile d&rsquo;avoir une id\u00e9e pr\u00e9cise de la strat\u00e9gie militaire et des buts de guerre poursuivis.<\/p>\n<p>Par la d\u00e9mesure des attaques isra\u00e9liennes qui ont touch\u00e9 le sud comme le nord du Liban, la r\u00e9sistance arm\u00e9e du Hezbollah &#8211; qui est aussi un mouvement profond\u00e9ment engag\u00e9 au niveau social, \u00e9conomique et culturel aupr\u00e8s des chiites libanais (40% de la population) &#8211; a gagn\u00e9 une l\u00e9gitimit\u00e9 militaire et politique au Liban et dans tout le monde arabo-musulman au-del\u00e0 m\u00eame de toutes ses esp\u00e9rances.<\/p>\n<p>Avant son d\u00e9raillement, le processus de paix d&rsquo;Oslo (1993-2000) avait \u00e9t\u00e9 prometteur puisqu&rsquo;il avait notamment consacr\u00e9 la reconnaissance du droit \u00e0 l&rsquo;existence d&rsquo;Isra\u00ebl par les Etats arabes. La violence a eu raison de ce processus et elle est maintes fois survenue de l\u00e0 o\u00f9 on ne l&rsquo;attendait pas, comme autant de points de bifurcation. Le premier attentat-suicide du Hamas palestinien trouve son origine dans l&rsquo;attaque d&rsquo;un sioniste religieux, disciple du rabbin Meir Kahane, qui tua en 1994 une trentaine de musulmans en pri\u00e8re et blessa une centaine d&rsquo;autres. L&rsquo;artisan du processus d&rsquo;Oslo, le premier ministre Itkzak Rabin, fut abattu \u00e0 bout portant en 1995 non par un islamiste palestinien ou libanais mais par un nationaliste religieux juif. Apr\u00e8s sept ann\u00e9es de n\u00e9gociations intenses avec les dirigeants isra\u00e9liens et am\u00e9ricains, Yasser Arafat, Prix Nobel de la Paix, connut une mort tragique au bout de trois ann\u00e9es de captivit\u00e9 impos\u00e9e par Ariel Sharon dans la muqata&rsquo;a de Ramallah.<\/p>\n<p>L&rsquo;actuel ministre de la d\u00e9fense, Amir Peretz, membre du mouvement La Paix maintenant (mouvement n\u00e9 en refus de la guerre men\u00e9e par Isra\u00ebl au Liban en 1982), ne croit \u00e0 un r\u00e8glement pacifique du conflit avec les Palestiniens qu&rsquo;une fois qu&rsquo;il aura d\u00e9montr\u00e9 sa capacit\u00e9 \u00e0 faire la guerre \u00e0 Gaza et au Liban, m\u00eame si celle-ci d\u00e9cime actuellement plus d&rsquo;enfants que d&rsquo;hommes arm\u00e9s.<br \/>\nL&rsquo;Etat d&rsquo;Isra\u00ebl est prisonnier d&rsquo;un cercle vicieux entre sa puissance militaire et son impuissance politique, que symbolise \u00e0 sa mani\u00e8re le mur de s\u00e9paration \u00e9difi\u00e9 en Cisjordanie. Se voulant une terre d&rsquo;accueil pour les juifs pers\u00e9cut\u00e9s du monde entier, il demeure pour eux, malgr\u00e9 sa force sans \u00e9quivalent dans la r\u00e9gion, le lieu du plus grand danger. Plus l&rsquo;Etat renforce sa puissance technologique, militaire, son arsenal y compris nucl\u00e9aire, avec le soutien ind\u00e9fectible de la part des Etats-Unis et de la Grande-Bretagne, plus sa soci\u00e9t\u00e9 a peur, se sent fragile et ne r\u00e9siste pas \u00e0 la tentation de se percevoir comme la victime d&rsquo;un environnement hostile et \u00e9tranger &#8211; \u00abLa villa au milieu de la jungle\u00bb selon l&rsquo;expression d&rsquo;Ehud Barak. Ce couplage explosif &#8211; mais contre-productif &#8211; qui allie en boucle n\u00e9gative puissance et impuissance explique le passage \u00e0 l&rsquo;acte, brutal et total, qui frappe durement et en premier les civils palestiniens et aujourd&rsquo;hui libanais.<\/p>\n<p>La solution \u00e0 ce cul-de-sac existentiel n&rsquo;a pas de r\u00e9ponse militaire mais rel\u00e8ve d&rsquo;une \u00e9quation politique qui, sur le plan du rapport \u00e0 Soi, contribuerait \u00e0 une psychologie de la lib\u00e9ration tout en reconnaissant \u00e0 l&rsquo;Autre palestinien, une fois pour toutes, ses droits \u00e0 l&rsquo;ind\u00e9pendance et \u00e0 la souverainet\u00e9.<\/p>\n<p>Quelle \u00e9trange situation que ce soit aux opinions publiques mondiales de rappeler la sagesse des proph\u00e8tes d&rsquo;Isra\u00ebl qui, \u00e0 l&rsquo;instar de Samuel, affirme que \u00abce n&rsquo;est pas la force qui fait le vainqueur\u00bb.<\/p>\n<div align=\"right\">R\u00e9da Benkirane<\/div>\n<\/div>\n","protected":false},"excerpt":{"rendered":"<p>par R\u00e9da Benkirane 12 ao\u00fbt 2006 R\u00c9FLEXION \u00abL&rsquo;Etat d&rsquo;Isra\u00ebl est prisonnier d&rsquo;un cercle vicieux entre sa puissance militaire et son impuissance politique, que symbolise \u00e0 sa mani\u00e8re le mur de s\u00e9paration \u00e9difi\u00e9 en Cisjordanie\u00bb Les experts militaires isra\u00e9liens avaient pr\u00e9venu: la r\u00e9ponse de Tsahal \u00ab\u00e9craserait\u00bb les miliciens du Hezbollah \u00abd&rsquo;une &#8230; <a class=\"continue-reading-link\" href=\"https:\/\/reda.archipress.org\/?page_id=566\"> Continue reading<\/a><\/p>\n","protected":false},"author":1,"featured_media":0,"parent":23,"menu_order":6,"comment_status":"closed","ping_status":"closed","template":"","meta":{"footnotes":""},"class_list":["post-566","page","type-page","status-publish","hentry"],"_links":{"self":[{"href":"https:\/\/reda.archipress.org\/index.php?rest_route=\/wp\/v2\/pages\/566","targetHints":{"allow":["GET"]}}],"collection":[{"href":"https:\/\/reda.archipress.org\/index.php?rest_route=\/wp\/v2\/pages"}],"about":[{"href":"https:\/\/reda.archipress.org\/index.php?rest_route=\/wp\/v2\/types\/page"}],"author":[{"embeddable":true,"href":"https:\/\/reda.archipress.org\/index.php?rest_route=\/wp\/v2\/users\/1"}],"replies":[{"embeddable":true,"href":"https:\/\/reda.archipress.org\/index.php?rest_route=%2Fwp%2Fv2%2Fcomments&post=566"}],"version-history":[{"count":0,"href":"https:\/\/reda.archipress.org\/index.php?rest_route=\/wp\/v2\/pages\/566\/revisions"}],"up":[{"embeddable":true,"href":"https:\/\/reda.archipress.org\/index.php?rest_route=\/wp\/v2\/pages\/23"}],"wp:attachment":[{"href":"https:\/\/reda.archipress.org\/index.php?rest_route=%2Fwp%2Fv2%2Fmedia&parent=566"}],"curies":[{"name":"wp","href":"https:\/\/api.w.org\/{rel}","templated":true}]}}