{"id":523,"date":"2014-05-26T21:15:25","date_gmt":"2014-05-26T21:15:25","guid":{"rendered":"https:\/\/archipress.org\/reda2\/?page_id=523"},"modified":"2014-05-26T21:15:25","modified_gmt":"2014-05-26T21:15:25","slug":"al-qaida-echec-a-la-base","status":"publish","type":"page","link":"https:\/\/reda.archipress.org\/?page_id=523","title":{"rendered":"Al-Qaida, \u00e9chec \u00e0 la Base"},"content":{"rendered":"<div class=\"heading\" style=\"color: #000000;\">Par R\u00e9da Benkirane, sociologue et chercheur associ\u00e9 au Centre Jacques Berque (Rabat)<\/p>\n<p><img loading=\"lazy\" decoding=\"async\" title=\"Le Temps\" src=\"https:\/\/reda.archipress.org\/images\/stories\/logo\/temps.gif\" alt=\" \" width=\"126\" height=\"27\" hspace=\"5\" \/>Le Temps, Vendredi\u00a09 septembre 2011<br \/>\n<strong><br \/>\nL\u2019avis de l\u2019expert<\/p>\n<p><\/strong><\/div>\n<div class=\"lead\" style=\"color: #000000;\" align=\"justify\"><em>M\u00eame selon l\u2019esprit du terrorisme, l\u2019organisation n\u2019a jamais pu pr\u00e9tendre \u00e0 une l\u00e9gitimit\u00e9 r\u00e9volutionnaire d\u2019un mouvement arm\u00e9 de lib\u00e9ration.<\/em><\/div>\n<p style=\"color: #000000;\" align=\"justify\">Au matin du 11 septembre 2001, quelque 2800 civils perdirent la vie aux Etats-Unis du fait d\u2019une vingtaine de terroristes arm\u00e9s de lames en plastique. L\u2019attaque la plus meurtri\u00e8re jamais entreprise contre les Etats-Unis s\u2019est r\u00e9v\u00e9l\u00e9e \u00eatre un cheval de Troie a\u00e9ronautique qui a montr\u00e9 a posteriori les niveaux r\u00e9els de vigilance et d\u2019intelligence des services de renseignement et de s\u00e9curit\u00e9 am\u00e9ricains.<\/p>\n<p style=\"color: #000000;\" align=\"justify\">Si Al-Qaida, la \u00abBase\u00bb terroriste et d\u00e9territorialis\u00e9e \u00e0 l\u2019origine des attentats, a pu ainsi donner une le\u00e7on d\u2019\u00e9chec \u00e0 ses adversaires (en quelque sorte le coup du berger b\u00e9douin en Am\u00e9rique en r\u00e9ponse \u00e0 celui du cow-boy texan en Arabie), elle a par contre \u00e9chou\u00e9 quant aux objectifs politiques de sa lutte.<\/p>\n<p style=\"color: #000000;\" align=\"justify\">Cet acte inou\u00ef de prise des tours jumelles de New York (une tentative d\u2019\u00e9chec et mat en un coup unique) a certes d\u00e9mont\u00e9 le mythe de l\u2019hyperpuissance militaire, mais il aura eu un effet d\u2019hypernuisance dans les relations internationales. En effet, les cons\u00e9quences de ce 11-Septembre auront \u00e9t\u00e9 plus que d\u00e9vastatrices: l\u2019administration Bush s\u2019est aussit\u00f4t lanc\u00e9e dans une politique du talion qui s\u2019est traduite par l\u2019invasion de deux pays, l\u2019Afghanistan et l\u2019Irak, des centaines de milliers de morts et autant de bless\u00e9s. Un des effets sournois des attaques d\u2019Al-Qaida est l\u2019hostilit\u00e9 que rencontre une minorit\u00e9 religieuse d\u2019Europe et d\u2019Am\u00e9rique qui a nourri ressentiment et islamophobie contagieuse \u2013 et dont on a vu r\u00e9cemment l\u2019expression pathologique dans un pays socialement aussi avanc\u00e9 que la Norv\u00e8ge.<\/p>\n<p style=\"color: #000000;\" align=\"justify\">Si donc l\u2019administration Bush, par maints aspects de sa \u00abcroisade\u00bb contre \u00abl\u2019Axe du mal\u00bb, a agi comme une sorte de th\u00e9ocratie postmoderne, il y a un raisonnement r\u00e9ducteur que certains de ses contempteurs ont vite emprunt\u00e9, qui consiste \u00e0 consid\u00e9rer Al-Qaida comme une organisation politique l\u00e9gitimement comparable \u00e0 d\u2019autres mouvements arm\u00e9s de la r\u00e9gion moyen-orientale. Rien n\u2019est plus biais\u00e9 que cette optique consistant \u00e0 dire qu\u2019il eut fallu et qu\u2019il faudrait consid\u00e9rer certaines des revendications politiques de l\u2019organisation de Ben Laden et d\u2019Al-Zawahiri.<\/p>\n<p style=\"color: #000000;\" align=\"justify\">Cette vision soit-disant critique de la politique am\u00e9ricaine reprend na\u00efvement \u00e0 son compte une comparaison insidieusement \u00e9tablie par le magazine\u00a0Time\u00a0entre Nasser et Ben Laden: le premier est l\u2019homme arabe du XXe si\u00e8cle, un officier libre et homme d\u2019Etat issu du petit peuple \u00e9gyptien, adul\u00e9 par les masses, \u00e0 l\u2019origine du socialisme panarabe et de la lutte arm\u00e9e de lib\u00e9ration en Alg\u00e9rie et le second, un fils \u00e0 papa milliardaire qui a \u00e9volu\u00e9 tout d\u2019abord au sein de la base afghano-pakistanaise de la CIA: son milieu socio-\u00e9conomique et son parcours id\u00e9ologique se ressentent ainsi dans l\u2019uniformit\u00e9 de sa vision du monde et la m\u00e9diocrit\u00e9 de son discours politico-th\u00e9ologique.<\/p>\n<p style=\"color: #000000;\" align=\"justify\">Il y a une erreur logique \u00e0 voir en Al-Qaida un mouvement de fond ou de masse en terre islamique, car celui-ci n\u2019est aucunement en continuit\u00e9 avec l\u2019histoire des mouvements de lib\u00e9ration et de r\u00e9sistance du Maghreb et du Machrek. Et enfin on juge le terrorisme pas tant sur le plan de la l\u00e9gitimit\u00e9 de ses causes politiques ou de sa morale r\u00e9volutionnaire mais sur ses objectifs et leurs traductions politiques. Seuls comptent en d\u00e9finitive les buts atteints.<\/p>\n<p style=\"color: #000000;\" align=\"justify\">La vision n\u00e9o-tiers-mondiste, qui donnerait une l\u00e9gitimit\u00e9 r\u00e9volutionnaire \u00e0 Al-Qaida et de ses filiales, nie en r\u00e9alit\u00e9 l\u2019esprit du terrorisme qui est certes d\u2019user de \u00abtous les moyens n\u00e9cessaires\u00bb, mais pour parvenir \u00e0 des objectifs qui, une fois atteints, transforment l\u2019organisation terroriste en une organisation essentiellement politique. Autrement dit, le terrorisme est un ph\u00e9nom\u00e8ne transitoire dans l\u2019\u00e9volution des mouvements de lutte arm\u00e9e. Et l\u2019on peut affirmer sans \u00eatre d\u00e9menti par l\u2019histoire contemporaine qu\u2019un mouvement arm\u00e9 de lib\u00e9ration (inter)nationale est un groupe terroriste politiquement abouti.<\/p>\n<p style=\"color: #000000;\" align=\"justify\">Que ce soit le sionisme et son mouvement arm\u00e9 l\u2019Irgoun, le nationalisme alg\u00e9rien et le FLN, le nationalisme palestinien et les organisations parall\u00e8les de l\u2019OLP, tous ont eu recours au terrorisme pour faire conna\u00eetre leur cause et atteindre leurs objectifs (cr\u00e9ation d\u2019un Etat, ind\u00e9pendance politique, reconnaissance internationale). Une nation comme l\u2019Iran aura patronn\u00e9 des activit\u00e9s terroristes et se voit aujourd\u2019hui reconnue en tant que puissance r\u00e9gionale. Quant au Hezbollah libanais et au Hamas palestinien, ils sont les exemples manifestes de r\u00e9habilitation et de reterritorialisation politiques du terrorisme; ils ont des repr\u00e9sentants au sein de leurs gouvernements et la communaut\u00e9 internationale est toute pr\u00eate \u00e0 les reconna\u00eetre sous certaines conditions (qui ne d\u00e9pendent que de leurs propres dirigeants). Rien de tel ne peut jamais s\u2019appliquer \u00e0 l\u2019organisation -m\u00e8re du terrorisme, Al-Qaida al Oum, qui a \u00e9chou\u00e9 dans ses objectifs: au lieu de lib\u00e9rer le Moyen-Orient des arm\u00e9es et des interventions \u00e9trang\u00e8res, elle les a install\u00e9es durablement et notamment dans la zone strat\u00e9gique du Golfe et des p\u00e9tromonarchies; au lieu de d\u00e9fendre les musulmans, elle a aliment\u00e9 une guerre confessionnelle en islam, entre sunnites et chiites irakiens.<\/p>\n<p style=\"color: #000000;\" align=\"justify\">En recourant au crible des buts vis\u00e9s et des objectifs obtenus, la teneur et l\u2019ampleur de l\u2019\u00e9chec politique et militaire d\u2019Al-Qaida au cours des dix derni\u00e8res ann\u00e9es devient accablante si l\u2019on compare avec les acquis d\u2019autres mouvements arm\u00e9s de la r\u00e9gion. Malgr\u00e9 sa capacit\u00e9 de nuisance dans bon nombre de pays, Al-Qaida reste au mieux une organisation-d\u00e9faut s\u2019insinuant dans les failles d\u2019Etats en fragmentation et les vides politiques cr\u00e9\u00e9s par des r\u00e9gimes autoritaires ainsi que par les \u00e9claboussures collat\u00e9rales de la politique ext\u00e9rieure am\u00e9ricaine.<\/p>\n<p style=\"color: #000000;\" align=\"justify\">Une autre grille de lecture avanc\u00e9e pour donner une consistance id\u00e9ologique ou th\u00e9ologico-politique \u00e0 la \u00abBase\u00bb consiste \u00e0 s\u00e9rier le terrorisme \u00e0 but strictement politique d\u2019Al-Qaida m\u00e8re et celui de ses franchises \u00abcompromises\u00bb dans des activit\u00e9s mafieuses. Mais l\u00e0 encore, l\u2019analyse ne r\u00e9siste pas aux faits. Pour lutter contre la filiale Al-Qaida au Maghreb islamique (AQMI) et ses activit\u00e9s de prise d\u2019otages et de ran\u00e7onnement, d\u2019acheminement de la coca\u00efne en partenariat avec des r\u00e9seaux mafieux internationaux, il est fait appel \u00e0 des r\u00e9ponses appropri\u00e9es d\u2019infiltration et d\u2019autres mesures de surveillance par les Etats concern\u00e9s dans la r\u00e9gion Maghreb-Sahel: mais alors comment fait-on dans le cas embarrassant du Maroc, le premier pays exportateur mondial de cannabis (un march\u00e9 annuel de 10 milliards d\u2019euros) aux portes de l\u2019espace Schengen?<\/p>\n<p style=\"color: #000000;\" align=\"justify\">Il n\u2019y a pas d\u2019un c\u00f4t\u00e9 une puret\u00e9 r\u00e9volutionnaire et de l\u2019autre des pratiques mafieuses. Rappelons que les mouvements de lutte de lib\u00e9ration et de r\u00e9sistance d\u2019inspiration islamiste au Moyen-Orient et en Asie centrale n\u2019ont eu aucun scrupule \u00e0 se financer par des activit\u00e9s ill\u00e9gales et mafieuses. Ainsi l\u2019Afghanistan, depuis plus de 20 ans, est un lieu de production d\u2019opium qui a fait circuler d\u2019\u00e9normes quantit\u00e9s d\u2019h\u00e9ro\u00efne, a cass\u00e9 les prix sur le march\u00e9 mondial et financ\u00e9 les mouvements arm\u00e9s. Avant cela durant les ann\u00e9es 1970 et 80, la plaine de la Bekaa au Liban a inond\u00e9 le march\u00e9 europ\u00e9en de cannabis, et les mouvements arm\u00e9s du Hezbollah et de Amal en ont \u00e9galement profit\u00e9 pour s\u2019\u00e9quiper et se structurer.<\/p>\n<p style=\"color: #000000;\" align=\"justify\">En d\u00e9finitive, il y aura eu deux mani\u00e8res de combattre Al-Qaida. La premi\u00e8re est celle de la \u00abguerre contre le terrorisme\u00bb qui a utilis\u00e9 la logique elle-m\u00eame aveugle de \u00abtous les moyens n\u00e9cessaires\u00bb pour tenter de l\u2019endiguer (occupations militaires, centres de d\u00e9tentions clandestins d\u00e9localis\u00e9s, tortures, \u00abdommages collat\u00e9raux\u00bb de masse). Nous savons aujourd\u2019hui que la coalition internationale a \u00e9chou\u00e9 dans cette mission en Irak et en Afghanistan, et que Guantanamo restera dans l\u2019histoire comme un goulag am\u00e9ricain. M\u00eame si Ben Laden a fini par \u00eatre abattu et que le r\u00e9seau Al-Qaida est affaibli, la guerre des id\u00e9es et des c\u0153urs n\u2019a pas \u00e9t\u00e9 gagn\u00e9e par ce camp-l\u00e0, bien au contraire.<\/p>\n<p style=\"color: #000000;\" align=\"justify\">Mais l\u2019autre mani\u00e8re de d\u00e9faire Al-Qaida, en un cuisant \u00e9chec et mat, c\u2019est de d\u00e9clencher une r\u00e9volution sur une base infiniment plus large, sur une puissance rhizomatique plus subversive que le r\u00e9seau de djihadistes d\u00e9racin\u00e9s et accultur\u00e9s. C\u2019est ce que font d\u00e9sormais les soci\u00e9t\u00e9s du Maghreb et du Machrek qui sont en marche vers la d\u00e9mocratisation et la s\u00e9cularisation. Les peuples disent \u00e0 leurs dirigeants autocrates \u00abd\u00e9gage!\u00bb et r\u00e9clament de mani\u00e8re pacifique mais d\u00e9termin\u00e9e: \u00ablibert\u00e9, justice, dignit\u00e9\u00bb. Les immolations du tunisien Bouazizi et de quelques autres auront \u00e9t\u00e9 les \u00e9tincelles d\u2019un feu r\u00e9volutionnaire qui a, entre autres cons\u00e9quences majeures, pr\u00e9cipit\u00e9 l\u2019obsolescence id\u00e9ologique d\u2019Al-Qaida.<\/p>\n<div style=\"color: #000000;\" align=\"right\">R\u00e9da Benkirane<\/div>\n","protected":false},"excerpt":{"rendered":"<p>Par R\u00e9da Benkirane, sociologue et chercheur associ\u00e9 au Centre Jacques Berque (Rabat) Le Temps, Vendredi\u00a09 septembre 2011 L\u2019avis de l\u2019expert M\u00eame selon l\u2019esprit du terrorisme, l\u2019organisation n\u2019a jamais pu pr\u00e9tendre \u00e0 une l\u00e9gitimit\u00e9 r\u00e9volutionnaire d\u2019un mouvement arm\u00e9 de lib\u00e9ration. Au matin du 11 septembre 2001, quelque 2800 civils perdirent la &#8230; <a class=\"continue-reading-link\" href=\"https:\/\/reda.archipress.org\/?page_id=523\"> Continue reading<\/a><\/p>\n","protected":false},"author":1,"featured_media":0,"parent":23,"menu_order":45,"comment_status":"closed","ping_status":"closed","template":"","meta":{"footnotes":""},"class_list":["post-523","page","type-page","status-publish","hentry"],"_links":{"self":[{"href":"https:\/\/reda.archipress.org\/index.php?rest_route=\/wp\/v2\/pages\/523","targetHints":{"allow":["GET"]}}],"collection":[{"href":"https:\/\/reda.archipress.org\/index.php?rest_route=\/wp\/v2\/pages"}],"about":[{"href":"https:\/\/reda.archipress.org\/index.php?rest_route=\/wp\/v2\/types\/page"}],"author":[{"embeddable":true,"href":"https:\/\/reda.archipress.org\/index.php?rest_route=\/wp\/v2\/users\/1"}],"replies":[{"embeddable":true,"href":"https:\/\/reda.archipress.org\/index.php?rest_route=%2Fwp%2Fv2%2Fcomments&post=523"}],"version-history":[{"count":0,"href":"https:\/\/reda.archipress.org\/index.php?rest_route=\/wp\/v2\/pages\/523\/revisions"}],"up":[{"embeddable":true,"href":"https:\/\/reda.archipress.org\/index.php?rest_route=\/wp\/v2\/pages\/23"}],"wp:attachment":[{"href":"https:\/\/reda.archipress.org\/index.php?rest_route=%2Fwp%2Fv2%2Fmedia&parent=523"}],"curies":[{"name":"wp","href":"https:\/\/api.w.org\/{rel}","templated":true}]}}