{"id":489,"date":"2014-05-26T19:03:48","date_gmt":"2014-05-26T19:03:48","guid":{"rendered":"https:\/\/archipress.org\/reda2\/?page_id=489"},"modified":"2014-05-26T19:03:48","modified_gmt":"2014-05-26T19:03:48","slug":"489-2","status":"publish","type":"page","link":"https:\/\/reda.archipress.org\/?page_id=489","title":{"rendered":"Formation continue universitaire"},"content":{"rendered":"<style type=\"text\/css\" media=\"all\">.printfriendly {display: none!important;}<\/style>\n<h3 style=\"text-align: center;\"><strong>Les enjeux de la Communication <\/strong><\/h3>\n<p style=\"text-align: justify;\"><strong><br \/>\n<\/strong><br \/>\n<strong><img loading=\"lazy\" decoding=\"async\" class=\"alignleft\" title=\"Formation continue universitaire en religions, cultures &amp; communication\" src=\"https:\/\/reda.archipress.org\/images\/stories\/cfccom.gif\" alt=\"Formation continue universitaire en religions, cultures &amp; communication\" width=\"199\" height=\"281\" border=\"0\" hspace=\"6\" \/>Certificat de formation continue en cultures, religions et communication<br \/>\nUniversit\u00e9 de Gen\u00e8ve, mai-juin 2006<\/strong><\/p>\n<p style=\"text-align: justify;\">Programme complet : t\u00e9l\u00e9charger la brochure\u00a0<a style=\"color: #4d6aba;\" href=\"https:\/\/archipress.org\/docs\/pdf\/Unige_formcont_Mod_5.pdf\">PDF<\/a><\/p>\n<p>4 sessions + 1 table ronde\u00a0pour appr\u00e9hender la communication au sein du village global, approfondir ses connaissances, se sensibiliser aux NTIC et \u00e0 leur impact dans l&rsquo;\u00e9volution des religions contemporaines, se cr\u00e9er un r\u00e9seau de relations en mati\u00e8re de communication interculturelle et interreligieuse.<\/p>\n<div style=\"text-align: justify;\">A l&rsquo;\u00e8re du brassage culturel, peut-on traiter m\u00e9diatiquement avec intelligence et intelligibilit\u00e9 des faits culturels et religieux? \u00a0Alors que le PDG de TF1 soutient que le r\u00f4le de la t\u00e9l\u00e9vision est de vendre \u00ab\u00a0du temps de cerveau humain disponible\u00a0\u00bb au groupe Coca-Cola, \u00a0les mass media peuvent-ils \u00eatre autre chose que des armes de distraction\/destruction massive? \u00a0Comment la communication est-elle en train de renforcer la soci\u00e9t\u00e9 civile locale\/globale, comment favorise-t-elle l&rsquo;\u00e9mergence de l&rsquo;opinion publique internationale &#8211; premi\u00e8re v\u00e9ritable puissance mondiale ? Telles sont quelques-unes des questions que le module Communication \u00a0de la \u00a0formation continue en Religions, cultures et communication explorera, dans leurs aspects th\u00e9oriques et pratiques, au cours de quatre journ\u00e9es de formation et d&rsquo;une table ronde durant les mois de mai et juin 2006.<\/div>\n<div style=\"text-align: justify;\">\n<p><strong>Sessions<br \/>\n<\/strong>1\u00a0<em>Les religions et la r\u00e9volution de l&rsquo;information<\/em>\u00a0(5 mai)<br \/>\n2\u00a0<em>Traiter des religions dans les m\u00e9dias<\/em>\u00a0(19 mai)<br \/>\n3\u00a0<em>Enseigner le fait religieux \u00e0 l&rsquo;\u00e9cole<\/em>\u00a0(2 juin)<br \/>\n4\u00a0<em>Religions et soci\u00e9t\u00e9 civile<\/em>\u00a0(9 juin)<\/p>\n<p><strong>Table ronde\u00a0<\/strong><em><br \/>\nLibert\u00e9 d&rsquo;expression et repr\u00e9sentations m\u00e9diatiques des religions<\/em><strong>\u00a0<\/strong>(15 juin)<\/p>\n<\/div>\n<div>Ce module a \u00e9t\u00e9 sp\u00e9cialement con\u00e7u \u00e0 l&rsquo;intention de tous ceux qui sont soucieux de ma\u00eetriser la communication dans un monde globalis\u00e9, notamment en rendant intelligible la complexit\u00e9 des relations interculturelles et en d\u00e9veloppant une approche critique des ph\u00e9nom\u00e8nes religieux contemporains.<\/div>\n<div>\n<p style=\"color: #000000;\" align=\"justify\"><strong>Direction\u00a0<\/strong><br \/>\nProf. Philippe BORGEAUD, Universit\u00e9 de Gen\u00e8ve<br \/>\nProf. Fran\u00e7ois RUEGG, Universit\u00e9 de Gen\u00e8ve<\/p>\n<p style=\"color: #000000;\" align=\"justify\"><strong>Responsable du module\u00a0<\/strong><br \/>\nR\u00e9da BENKIRANE , sociologue, sp\u00e9cialiste de la communication<\/p>\n<\/div>\n<p><span style=\"color: #000000;\">\u00a0<\/span><br \/>\n[ssba_hide]<\/p>\n","protected":false},"excerpt":{"rendered":"<p>Les enjeux de la Communication Certificat de formation continue en cultures, religions et communication Universit\u00e9 de Gen\u00e8ve, mai-juin 2006 Programme complet : t\u00e9l\u00e9charger la brochure\u00a0PDF 4 sessions + 1 table ronde\u00a0pour appr\u00e9hender la communication au sein du village global, approfondir ses connaissances, se sensibiliser aux NTIC et \u00e0 leur impact &#8230; <a class=\"continue-reading-link\" href=\"https:\/\/reda.archipress.org\/?page_id=489\"> Continue reading<\/a><\/p>\n","protected":false},"author":1,"featured_media":0,"parent":41,"menu_order":1,"comment_status":"closed","ping_status":"closed","template":"","meta":{"footnotes":""},"class_list":["post-489","page","type-page","status-publish","hentry"],"_links":{"self":[{"href":"https:\/\/reda.archipress.org\/index.php?rest_route=\/wp\/v2\/pages\/489","targetHints":{"allow":["GET"]}}],"collection":[{"href":"https:\/\/reda.archipress.org\/index.php?rest_route=\/wp\/v2\/pages"}],"about":[{"href":"https:\/\/reda.archipress.org\/index.php?rest_route=\/wp\/v2\/types\/page"}],"author":[{"embeddable":true,"href":"https:\/\/reda.archipress.org\/index.php?rest_route=\/wp\/v2\/users\/1"}],"replies":[{"embeddable":true,"href":"https:\/\/reda.archipress.org\/index.php?rest_route=%2Fwp%2Fv2%2Fcomments&post=489"}],"version-history":[{"count":0,"href":"https:\/\/reda.archipress.org\/index.php?rest_route=\/wp\/v2\/pages\/489\/revisions"}],"up":[{"embeddable":true,"href":"https:\/\/reda.archipress.org\/index.php?rest_route=\/wp\/v2\/pages\/41"}],"wp:attachment":[{"href":"https:\/\/reda.archipress.org\/index.php?rest_route=%2Fwp%2Fv2%2Fmedia&parent=489"}],"curies":[{"name":"wp","href":"https:\/\/api.w.org\/{rel}","templated":true}]}}