{"id":401,"date":"2014-05-25T18:38:02","date_gmt":"2014-05-25T18:38:02","guid":{"rendered":"https:\/\/archipress.org\/reda2\/?page_id=401"},"modified":"2014-05-25T18:38:02","modified_gmt":"2014-05-25T18:38:02","slug":"preface-de-salah-stetie","status":"publish","type":"page","link":"https:\/\/reda.archipress.org\/?page_id=401","title":{"rendered":"Pr\u00e9face de Salah St\u00e9ti\u00e9"},"content":{"rendered":"<p style=\"font-size: 13px;\">\n\t&nbsp;\n<\/p>\n<p style=\"font-size: 13px;\">\n\t<img loading=\"lazy\" decoding=\"async\" align=\"left\" alt=\"Le d\u00e9sarroi identitaire. Jeunesse, islamit\u00e9 et arabit\u00e9 contemporaines\" border=\"0\" height=\"212\" hspace=\"6\" src=\"https:\/\/reda.archipress.org\/images\/stories\/jahiliya\/coversm.jpg\" style=\"color: rgb(0, 0, 0);\" title=\"Le d\u00e9sarroi identitaire. Jeunesse, islamit\u00e9 et arabit\u00e9 contemporaines\" width=\"133\" \/><span style=\"color: rgb(0, 0, 0);\">R&eacute;da Benkirane,&nbsp;<\/span><em style=\"color: rgb(0, 0, 0);\">Le d&eacute;sarroi identitaire<\/em><span style=\"color: rgb(0, 0, 0);\">.&nbsp;<\/span><em style=\"color: rgb(0, 0, 0);\">Jeunesse, islamit&eacute; et arabit&eacute; contemporaines.<\/em><br \/>\n\tPr&eacute;face de Salah St&eacute;ti&eacute;, Paris, Editions du Cerf, 352&nbsp;pages, 2004, La Crois&eacute;e des chemins, Casablanca, 2012.\n<\/p>\n<p style=\"font-size: 13px; color: rgb(0, 0, 0);\">\n\t&nbsp;\n<\/p>\n<p style=\"font-size: 13px; color: rgb(0, 0, 0);\">\n\t<span style=\"border: 0px; font-family: 'Helvetica Neue', Helvetica, Arial, sans-serif; margin: 0px; outline: 0px; padding: 0px; vertical-align: baseline; line-height: 20px;\">[&nbsp;<\/span><a href=\"https:\/\/reda.archipress.org\/?page_id=399\" style=\"color: rgb(77, 106, 186); border: 0px; font-family: 'Helvetica Neue', Helvetica, Arial, sans-serif; font-weight: bold; margin: 0px; outline: 0px; padding: 0px; vertical-align: baseline; line-height: 20px;\">English Abstract<\/a><span style=\"border: 0px; font-family: 'Helvetica Neue', Helvetica, Arial, sans-serif; margin: 0px; outline: 0px; padding: 0px; vertical-align: baseline; line-height: 20px;\">&nbsp;|&nbsp;<\/span><a href=\"https:\/\/reda.archipress.org\/?page_id=401\" style=\"color: rgb(77, 106, 186); border: 0px; font-family: 'Helvetica Neue', Helvetica, Arial, sans-serif; font-weight: bold; margin: 0px; outline: 0px; padding: 0px; vertical-align: baseline; line-height: 20px;\">Pr&eacute;face<\/a><span style=\"border: 0px; font-family: 'Helvetica Neue', Helvetica, Arial, sans-serif; margin: 0px; outline: 0px; padding: 0px; vertical-align: baseline; line-height: 20px;\">&nbsp;|&nbsp;<\/span><a href=\"https:\/\/reda.archipress.org\/?page_id=403\" style=\"color: rgb(77, 106, 186); border: 0px; font-family: 'Helvetica Neue', Helvetica, Arial, sans-serif; font-weight: bold; margin: 0px; outline: 0px; padding: 0px; vertical-align: baseline; line-height: 20px;\">Table des mati&egrave;res<\/a><span style=\"border: 0px; font-family: 'Helvetica Neue', Helvetica, Arial, sans-serif; margin: 0px; outline: 0px; padding: 0px; vertical-align: baseline; line-height: 20px;\">&nbsp;|&nbsp;<\/span><a href=\"https:\/\/reda.archipress.org\/?page_id=405\" style=\"color: rgb(77, 106, 186); border: 0px; font-family: 'Helvetica Neue', Helvetica, Arial, sans-serif; font-weight: bold; margin: 0px; outline: 0px; padding: 0px; vertical-align: baseline; line-height: 20px;\">Extraits<\/a><span style=\"border: 0px; font-family: 'Helvetica Neue', Helvetica, Arial, sans-serif; margin: 0px; outline: 0px; padding: 0px; vertical-align: baseline; line-height: 20px;\">&nbsp;|&nbsp;<\/span><a href=\"http:\/\/www.editionsducerf.fr\/html\/fiche\/fichelivre.asp?N_LIV_CERF=6677\" style=\"color: rgb(77, 106, 186); border: 0px; font-family: 'Helvetica Neue', Helvetica, Arial, sans-serif; font-weight: bold; margin: 0px; outline: 0px; padding: 0px; vertical-align: baseline; line-height: 20px;\" target=\"_blank\">Fiche-livre &eacute;diteur<\/a><span style=\"border: 0px; font-family: 'Helvetica Neue', Helvetica, Arial, sans-serif; margin: 0px; outline: 0px; padding: 0px; vertical-align: baseline; line-height: 20px;\">&nbsp; |&nbsp;<\/span><a href=\"https:\/\/reda.archipress.org\/?page_id=417\" style=\"color: rgb(77, 106, 186); border: 0px; font-family: 'Helvetica Neue', Helvetica, Arial, sans-serif; font-weight: bold; margin: 0px; outline: 0px; padding: 0px; vertical-align: baseline; line-height: 20px;\">Revue presse<\/a><span style=\"border: 0px; font-family: 'Helvetica Neue', Helvetica, Arial, sans-serif; margin: 0px; outline: 0px; padding: 0px; vertical-align: baseline; line-height: 20px;\">&nbsp;|&nbsp;<\/span><a href=\"http:\/\/remmm.revues.org\/3561\" style=\"color: rgb(77, 106, 186); border: 0px; font-family: 'Helvetica Neue', Helvetica, Arial, sans-serif; font-weight: bold; margin: 0px; outline: 0px; padding: 0px; vertical-align: baseline; line-height: 20px;\">Revue de livre<\/a><span style=\"border: 0px; font-family: 'Helvetica Neue', Helvetica, Arial, sans-serif; margin: 0px; outline: 0px; padding: 0px; vertical-align: baseline; line-height: 20px;\">&nbsp;]<\/span>\n<\/p>\n<p style=\"font-size: 13px; color: rgb(0, 0, 0);\">\n\t&nbsp;\n<\/p>\n<p style=\"font-size: 13px; color: rgb(0, 0, 0);\">\n\t&nbsp;\n<\/p>\n<p align=\"left\" style=\"font-size: 13px; color: rgb(0, 0, 0);\">\n\t<strong>Jeux de piste<\/strong>\n<\/p>\n<p align=\"justify\" style=\"font-size: 13px; color: rgb(0, 0, 0);\">\n\tPeut-on, d&#39;un seul regard, &eacute;clat&eacute; il est vrai, se saisir de toute une civilisation, pass&eacute; et avenir, complexit&eacute; et unit&eacute;, discours et aventures, ouvertures et apories, faits et symboles, introspection et prospective&nbsp;? Et j&#39;oublie beaucoup d&#39;autres possibilit&eacute;s inscrites dans le projet de ce livre qui ne se dit po&eacute;tique que par pudeur et pour voiler sous le l&eacute;ger brouillard de l&#39;&eacute;motion affleurant ici et l&agrave; l&#39;acuit&eacute;, blessante souvent, de ses analyses ac&eacute;r&eacute;es. Pas si ac&eacute;r&eacute;es pourtant que ne pourrait le donner &agrave; penser l&#39;arborescence th&eacute;matique qu&#39;on d&eacute;couvre &agrave; ne parcourir que la table des mati&egrave;res&nbsp;: riche, explos&eacute;e et en tout sens &eacute;panouie autour de beaux vides comme une architecture baroque. Tout de ce livre qui d&eacute;crit les torsions et les contorsions de l&#39;Islam et de l&#39;arabit&eacute; modernes, dans des travers&eacute;es rapides qui sont autant de coupes socioculturelles dans la g&eacute;ologie de soci&eacute;t&eacute;s m&eacute;diocrement stabilis&eacute;es ou d&#39;ensembles &eacute;vasifs et migrants &#8211;&nbsp;j&#39;entends de ce type de migration que signe moins le seul d&eacute;placement g&eacute;ographique que les d&eacute;rives de l&#39;int&eacute;riorit&eacute;&nbsp;&#8211; oui, tout de ce livre invite, &agrave; travers signes et confins, au principe m&ecirc;me de tout voyage qui est la jointure avec le centre. Or le centre, qui est opaque, est, subtil paradoxe, le lieu, l&#39;instant du d&eacute;voilement. Et c&#39;est pourquoi ce livre, apr&egrave;s avoir dissert&eacute;, discouru, soupes&eacute;, &eacute;valu&eacute;, conclu, apr&egrave;s avoir &#8211;&nbsp;dans chacune de ses&nbsp;<em>orientations&nbsp;&#8211;&nbsp;<\/em>jou&eacute; avec les faits d&#39;histoire et les concepts, se pla&icirc;t &agrave; des haltes brusques et fra&icirc;ches, comme un repos de chameliers dans le d&eacute;sert, et c&#39;est alors l&#39;anecdote qui vient illustrer le propos rest&eacute; jusque-l&agrave; plus ou moins th&eacute;orique, c&#39;est le souvenir (celui d&eacute;licieusement d&eacute;livr&eacute; de corps de passage) qui remonte &agrave; la surface et noue un peu la gorge, c&#39;est la palpitation a&eacute;r&eacute;e du po&egrave;me sur les aridit&eacute;s de la monstration ou de la d&eacute;monstration, &#8211;&nbsp;jamais conclusives heureusement, jamais d&eacute;finitives.\n<\/p>\n<p align=\"justify\" style=\"font-size: 13px; color: rgb(0, 0, 0);\">\n\tLa richesse, l&#39;extraordinaire richesse du livre de R&eacute;da Benkirane est l&agrave;, dans cette r&eacute;flexion ouverte qui est la sienne, en forme de jeu de pistes. L&#39;information est toujours s&eacute;rieuse, la documentation au-del&agrave; de tout soup&ccedil;on, la description de la situation et le diagnostic op&eacute;ratoire rigoureux l&#39;un et l&#39;autre&nbsp;; mais l&#39;auteur, fid&egrave;le en cela &agrave; son esth&eacute;tique de l&#39;&eacute;clatement, ne veut rien imposer et laisse le lecteur libre de d&eacute;chiffrer lui-m&ecirc;me, et pour son compte, le sens et la valeur des traces laiss&eacute;es. C&#39;est sans doute en cela que ce livre, &eacute;crit par un Marocain occidentalis&eacute; et, par ses fonctions, internationalis&eacute;, reste si profond&eacute;ment&nbsp;<em>arabe<\/em>, autrement dit si<em>d&eacute;cousu&nbsp;<\/em>pour que soient mieux cousus ses espaces par la r&ecirc;verie interpr&eacute;tative et int&eacute;grante, si&nbsp;<em>d&eacute;concert&eacute;<\/em>apparemment pour que mieux monte dans la chambre d&#39;&eacute;chos le son pur et cristallin de la fl&ucirc;te &agrave; bec unique, fl&ucirc;te simple de roseau et presque fruste&nbsp;: le&nbsp;<em>n&acirc;y<\/em>.\n<\/p>\n<div align=\"justify\" style=\"font-size: 13px; color: rgb(0, 0, 0);\">\n\tCar, et c&#39;est l&#39;essentiel, ce livre a une vocation &agrave; l&#39;unit&eacute;, et, par del&agrave; l&#39;exil impos&eacute;, ici si finement racont&eacute; et analys&eacute;, une&nbsp;<em>qibla<\/em>, une direction centralisante, un seuil vers la patrie spirituelle. C&#39;est d&#39;ailleurs sur cette notion &eacute;mouvante de&nbsp;<em>qibla&nbsp;<\/em>que s&#39;ach&egrave;ve l&#39;entreprise de d&eacute;tection et d&#39;aimantation intellectuelle et sociologique. On &eacute;tait parti &agrave; l&#39;origine de Gibraltar, en extr&ecirc;me Occident, et nous voici, par la gr&acirc;ce du g&eacute;ographe-sociologue-po&egrave;te, ramen&eacute;s au centre du monde, &agrave; cette Mecque int&eacute;rieure autour de laquelle, en son cube, sa&nbsp;<em>Kaa&#39;ba<\/em>, a si souvent tourn&eacute; et retourn&eacute; le Ma&icirc;tre bien-aim&eacute;, Ibn &lsquo;Arabi, le philosophe natif de Murcie, en terre andalouse, et qui s&#39;en &eacute;tait all&eacute; mourir en terre syrienne, &agrave; l&#39;endroit de l&#39;origine premi&egrave;re et augurale. Le p&eacute;riple est ainsi boucl&eacute;. Le serpent de l&#39;intellect se forme en anneau mythique et m&eacute;taphysique, et il se mord la queue. Ibn &lsquo;Arabi, philosophe, &eacute;tait &eacute;galement po&egrave;te, grand po&egrave;te. Le dernier mot lui reviendra donc, &agrave; juste titre, car dans cette g&eacute;ographie seconde qui est celle du c&oelig;ur et qui voyage avec l&#39;homme &#8211;&nbsp;R&eacute;da Benkirane ne cesse de nous le r&eacute;p&eacute;ter&nbsp;&#8211; le temps et le lieu de la&nbsp;<em>Jahiliya<\/em>, la sublime ignorance d&eacute;frichante et d&eacute;chiffrante, doivent n&eacute;cessairement se forclore sur ce temps et ce lieu de la verticalit&eacute; qui est simultan&eacute;ment, selon la logique de l&#39;instantan&eacute;it&eacute; ch&egrave;re &agrave; notre auteur, po&eacute;sie et r&eacute;v&eacute;lation.\n<\/div>\n<p align=\"right\" style=\"font-size: 13px; color: rgb(0, 0, 0);\">\n\t&nbsp;\n<\/p>\n<p align=\"right\" style=\"font-size: 13px; color: rgb(0, 0, 0);\">\n\tSalah St&eacute;ti&eacute;<\/p>\n","protected":false},"excerpt":{"rendered":"<p>&nbsp; R&eacute;da Benkirane,&nbsp;Le d&eacute;sarroi identitaire.&nbsp;Jeunesse, islamit&eacute; et arabit&eacute; contemporaines. Pr&eacute;face de Salah St&eacute;ti&eacute;, Paris, Editions du Cerf, 352&nbsp;pages, 2004, La Crois&eacute;e des chemins, Casablanca, 2012. &nbsp; [&nbsp;English Abstract&nbsp;|&nbsp;Pr&eacute;face&nbsp;|&nbsp;Table des mati&egrave;res&nbsp;|&nbsp;Extraits&nbsp;|&nbsp;Fiche-livre &eacute;diteur&nbsp; |&nbsp;Revue presse&nbsp;|&nbsp;Revue de livre&nbsp;] &nbsp; &nbsp; Jeux de piste Peut-on, d&#39;un seul regard, &eacute;clat&eacute; il est vrai, se saisir &#8230; <a class=\"continue-reading-link\" href=\"https:\/\/reda.archipress.org\/?page_id=401\"> Continue reading<\/a><\/p>\n","protected":false},"author":1,"featured_media":0,"parent":393,"menu_order":2,"comment_status":"closed","ping_status":"closed","template":"","meta":{"footnotes":""},"class_list":["post-401","page","type-page","status-publish","hentry"],"_links":{"self":[{"href":"https:\/\/reda.archipress.org\/index.php?rest_route=\/wp\/v2\/pages\/401","targetHints":{"allow":["GET"]}}],"collection":[{"href":"https:\/\/reda.archipress.org\/index.php?rest_route=\/wp\/v2\/pages"}],"about":[{"href":"https:\/\/reda.archipress.org\/index.php?rest_route=\/wp\/v2\/types\/page"}],"author":[{"embeddable":true,"href":"https:\/\/reda.archipress.org\/index.php?rest_route=\/wp\/v2\/users\/1"}],"replies":[{"embeddable":true,"href":"https:\/\/reda.archipress.org\/index.php?rest_route=%2Fwp%2Fv2%2Fcomments&post=401"}],"version-history":[{"count":0,"href":"https:\/\/reda.archipress.org\/index.php?rest_route=\/wp\/v2\/pages\/401\/revisions"}],"up":[{"embeddable":true,"href":"https:\/\/reda.archipress.org\/index.php?rest_route=\/wp\/v2\/pages\/393"}],"wp:attachment":[{"href":"https:\/\/reda.archipress.org\/index.php?rest_route=%2Fwp%2Fv2%2Fmedia&parent=401"}],"curies":[{"name":"wp","href":"https:\/\/api.w.org\/{rel}","templated":true}]}}