{"id":393,"date":"2014-05-25T18:24:30","date_gmt":"2014-05-25T18:24:30","guid":{"rendered":"https:\/\/archipress.org\/reda2\/?page_id=393"},"modified":"2014-05-25T18:24:30","modified_gmt":"2014-05-25T18:24:30","slug":"le-desarroi-identitaire-jeunesse-islamite-et-arabite-contemporaines","status":"publish","type":"page","link":"https:\/\/reda.archipress.org\/?page_id=393","title":{"rendered":"Le d\u00e9sarroi identitaire. Jeunesse, islamit\u00e9 et arabit\u00e9 contemporaines"},"content":{"rendered":"<style media=\"all\" type=\"text\/css\">\n.printfriendly {display: none!important;}<\/style>\n<p>\n\t<img loading=\"lazy\" decoding=\"async\" align=\"left\" alt=\"Le d\u00e9sarroi identitaire. Jeunesse, islamit\u00e9 et arabit\u00e9 contemporaines\" border=\"0\" height=\"212\" hspace=\"6\" src=\"https:\/\/reda.archipress.org\/images\/stories\/jahiliya\/coversm.jpg\" style=\"color: #000000;\" title=\"Le d\u00e9sarroi identitaire. Jeunesse, islamit\u00e9 et arabit\u00e9 contemporaines\" width=\"133\" \/><span style=\"color: #000000;\">R&eacute;da Benkirane,&nbsp;<\/span><em style=\"color: #000000;\">Le d&eacute;sarroi identitaire<\/em><span style=\"color: #000000;\">.&nbsp;<\/span><em style=\"color: #000000;\">Jeunesse, islamit&eacute; et arabit&eacute; contemporaines.<\/em><span style=\"color: #000000;\">&nbsp;<\/span><br style=\"color: #000000;\" \/><\/p>\n<p>\t<span style=\"color: #000000;\">Pr&eacute;face de Salah St&eacute;ti&eacute;, Paris, Editions du Cerf, 352&nbsp;pages, 2004.<br \/>\n\tISBN&nbsp;:&nbsp;2204075957&nbsp;&#8211;&nbsp; SODIS&nbsp;:&nbsp;8272447&nbsp;&#8211;&nbsp; EAN&nbsp;:&nbsp;9782204075954<\/span>\n<\/p>\n<p>\n\tReparu aux Editions La Crois&eacute;e des Chemins, Casablanca, 2012\n<\/p>\n<p>\n\t[&nbsp;<a href=\"https:\/\/reda.archipress.org\/?page_id=399\" style=\"font-weight: bold; color: #4d6aba;\">English Abstract<\/a>&nbsp;|&nbsp;<a href=\"https:\/\/reda.archipress.org\/?page_id=401\" style=\"font-weight: bold; color: #4d6aba;\">Pr&eacute;face<\/a>&nbsp;|&nbsp;<a href=\"https:\/\/reda.archipress.org\/?page_id=403\" style=\"font-weight: bold; color: #4d6aba;\">Table des mati&egrave;res<\/a>&nbsp;|&nbsp;<a href=\"https:\/\/reda.archipress.org\/?page_id=405\" style=\"font-weight: bold; color: #4d6aba;\">Extraits<\/a>&nbsp;|&nbsp;<a href=\"http:\/\/www.editionsducerf.fr\/html\/fiche\/fichelivre.asp?N_LIV_CERF=6677\" style=\"font-weight: bold; color: #4d6aba;\" target=\"_blank\">Fiche-livre &eacute;diteur<\/a>&nbsp; |&nbsp;<a href=\"https:\/\/reda.archipress.org\/?page_id=417\" style=\"font-weight: bold; color: #4d6aba;\">Revue presse<\/a>&nbsp;|&nbsp;<a href=\"http:\/\/remmm.revues.org\/3561\" style=\"font-weight: bold; color: #4d6aba;\">Revue de livre<\/a>&nbsp;]\n<\/p>\n<p align=\"justify\" style=\"color: #000000;\">\n\t&nbsp;\n<\/p>\n<p align=\"justify\" style=\"color: #000000;\">\n\t&nbsp;\n<\/p>\n<p align=\"justify\" style=\"color: #000000;\">\n\t<strong>Le livre<\/strong>\n<\/p>\n<p style=\"color: rgb(0, 0, 0); text-align: justify;\">\n\t<span style=\"color: #000000;\">C&#39;est &agrave; l&#39;observation d&#39;une jeunesse, issue d&#39;une migration lui ayant impos&eacute; le s&eacute;jour en p&eacute;riph&eacute;rie urbaine des deux c&ocirc;t&eacute;s de la M&eacute;diterran&eacute;e, que s&#39;est attel&eacute; l&#39;auteur pour d&eacute;velopper une r&eacute;flexion originale, r&eacute;solument critique, sur les notions d&#39;islamit&eacute; et d&#39;arabit&eacute;. Dans des travers&eacute;es rapides qui sont autant de coupes socioculturelles dans la g&eacute;ologie de soci&eacute;t&eacute;s instablement s&eacute;dentaris&eacute;es, l&#39;auteur nous transporte dans les faubourgs de Casablanca et d&#39;Alger, traverse le d&eacute;troit de Gibraltar avec les flux d&#39;immigr&eacute;s clandestins, remonte le temps en parcourant l&#39;itin&eacute;raire &agrave; la fois guerrier et mystique de l&#39;Emir Abdelkader et de ses disciples d&eacute;port&eacute;s au Pacifique, et plus en amont retrouve l&#39;un des fondateurs de la sociologie, Ibn Khaldoun, le Maghr&eacute;bin du XIVe si&egrave;cle, dont la th&eacute;orie de l&#39;histoire &eacute;claire encore et toujours, selon notre auteur, le devenir de soci&eacute;t&eacute;s marqu&eacute;es autant par leurs substrats b&eacute;douins et berb&egrave;res que par leur jeunesse et leur grand nombre.&nbsp;<\/span>\n<\/p>\n<p style=\"text-align: justify;\">\n\t<span style=\"color: #000000;\">L&#39;ambition d&#39;une telle d&eacute;marche n&#39;est pas sans risque, mais elle a pour elle son authenticit&eacute; et surtout une m&eacute;thode d&#39;approche dynamique : on cherche ici &agrave; saisir par touches subtiles une civilisation, ses discours et ses aventures, ses ouvertures et ses apories, ses faits et ses symboles, son introspection et sa prospective. Au travers d&#39;une analyse o&ugrave; se m&ecirc;lent des instantan&eacute;s, des r&eacute;cits et autres histoires de vies, la complexit&eacute; de la situation est ici d&eacute;ploy&eacute;e de mani&egrave;re &agrave; inviter le lecteur &agrave; renouveler son regard sur une si proche alt&eacute;rit&eacute;, tout en lui r&eacute;v&eacute;lant la signification de quelques motifs majeurs. L&#39;auteur nous signale notamment l&#39;autre forme de s&eacute;cularisation actuellement &agrave; l&#39;&oelig;uvre aux Maghreb et Machreq, la minoration du fait arabe dans l&#39;islam contemporain, l&#39;appel maintes fois entendu pour une meilleure compr&eacute;hension entre le nord et le sud de la M&eacute;diterran&eacute;e, et finalement la promesse d&#39;un renouveau qui passe aussi par la d&eacute;mocratisation des espaces du Prince ainsi que par un retour au savoir et &agrave; la pens&eacute;e libre et novatrice.<\/span>\n<\/p>\n<div align=\"justify\" style=\"color: #000000;\">\n\t&nbsp;\n<\/div>\n<p align=\"justify\" style=\"color: #000000;\">\n\t<strong>L&#39;auteur<\/strong>\n<\/p>\n<p align=\"justify\" style=\"color: #000000;\">\n\t<span style=\"color: #000000;\">Sociologue, sp&eacute;cialiste de l&#39;information, R&eacute;da Benkirane est consultant aupr&egrave;s d&#39;organisations internationales &agrave; Gen&egrave;ve. Il est notamment l&#39;auteur de &laquo;&nbsp;La complexit&eacute;, vertiges et promesses. Dix-huit histoires de sciences&nbsp;&raquo; (&Eacute;ditions Le Pommier, 2002)&nbsp;<\/span>\n<\/p>\n<p align=\"center\" style=\"color: #000000;\">\n\t<strong>Commander le livre<\/strong><strong>&nbsp;:&nbsp;<\/strong>\n<\/p>\n<p style=\"text-align: center;\">\n\t<strong><a href=\"http:\/\/www.fnac.com\/Shelf\/article.asp?OrderInSession=1&amp;Mn=2&amp;Mu=-13&amp;SID=98b1f78a-bfdf-1dde-7f54-c9639f2ca453&amp;TTL=101020040942&amp;Origin=FnacAff&amp;PRID=1558315&amp;Ra=-1&amp;To=0&amp;Nu=1&amp;UID=0e4ece286-a3f8-9e04-e9ad-d85f76604dbf&amp;Fr=0\" style=\"font-weight: bold; color: #4d6aba;\" target=\"_blank\">fnac.com<\/a><\/strong><strong>&nbsp;\/&nbsp;<\/strong><strong><a href=\"http:\/\/www.amazon.fr\/exec\/obidos\/ASIN\/2204075957\/qid=1097307776\/ref=sr_8_xs_ap_i1_xgl\/402-4753963-4111302\" style=\"font-weight: bold; color: #4d6aba;\" target=\"_blank\">amazon.fr<\/a><\/strong>&nbsp;<strong>\/&nbsp;<strong><a href=\"http:\/\/www.chapitre.com\/asp\/panier\/desc.asp?source=NEUF&amp;isbn=9782204075954&amp;date_rec=&amp;donnee_appel=&amp;pid=\" style=\"font-weight: bold; color: #4d6aba;\" target=\"_blank\">chapitre.com<\/a>&nbsp;\/&nbsp;<\/strong><\/strong><strong><a href=\"http:\/\/www.decitre.fr\/service\/search\/fiche_detail\/-\/ean-9782204075954\/index.dhtml\" style=\"font-weight: bold; color: #4d6aba;\" target=\"_blank\">decitre.fr<\/a><strong>&nbsp;\/&nbsp;<\/strong><\/strong><strong><a href=\"http:\/\/www.payot-libraire.ch\/jsp\/jahia\/templates\/payot\/payot_templates\/alig_frameset.jsp?MOTS=d%C3%A9sarroi+identitaire\" style=\"font-weight: bold; color: #4d6aba;\" target=\"_blank\">payot.ch<\/a><\/strong>\n<\/p>\n<p>\n\t<img loading=\"lazy\" decoding=\"async\" align=\"left\" alt=\"Le d\u00e9sarroi identitaire. Jeunesse, islamit\u00e9 et arabit\u00e9 contemporaines\" border=\"0\" height=\"189\" hspace=\"6\" src=\"https:\/\/reda.archipress.org\/images\/stories\/jahiliya\/coversm2.jpg\" style=\"color: #000000;\" title=\"Le d\u00e9sarroi identitaire. Jeunesse, islamit\u00e9 et arabit\u00e9 contemporaines\" width=\"120\" \/><span style=\"color: #000000;\">R&eacute;da Benkirane,&nbsp;<\/span><em style=\"color: #000000;\">Le d&eacute;sarroi identitaire<\/em><span style=\"color: #000000;\">.&nbsp;<\/span><em style=\"color: #000000;\">Jeunesse, islamit&eacute; et arabit&eacute; contemporaines.<\/em><span style=\"color: #000000;\">&nbsp;<\/span><br style=\"color: #000000;\" \/><\/p>\n<p>\t<span style=\"color: rgb(0, 0, 0);\">Pr&eacute;face de Salah St&eacute;ti&eacute;,&nbsp;<\/span><span style=\"color: #000000;\">Paris, Editions du Cerf, 352&nbsp;pages, 2004.<\/span><br style=\"color: #000000;\" \/><\/p>\n<p>\t<span style=\"color: #000000;\">ISBN&nbsp;:&nbsp;2204075957&nbsp;&#8211;&nbsp; SODIS&nbsp;:&nbsp;8272447&nbsp;&#8211;&nbsp; EAN&nbsp;:&nbsp;9782204075954<\/span>\n<\/p>\n<p>\n\t<span style=\"font-size: 13px;\">Reparu aux Editions La Crois&eacute;e des Chemins, Casablanca, 2012<\/span><\/p>\n","protected":false},"excerpt":{"rendered":"<p>R&eacute;da Benkirane,&nbsp;Le d&eacute;sarroi identitaire.&nbsp;Jeunesse, islamit&eacute; et arabit&eacute; contemporaines.&nbsp; Pr&eacute;face de Salah St&eacute;ti&eacute;, Paris, Editions du Cerf, 352&nbsp;pages, 2004. ISBN&nbsp;:&nbsp;2204075957&nbsp;&#8211;&nbsp; SODIS&nbsp;:&nbsp;8272447&nbsp;&#8211;&nbsp; EAN&nbsp;:&nbsp;9782204075954 Reparu aux Editions La Crois&eacute;e des Chemins, Casablanca, 2012 [&nbsp;English Abstract&nbsp;|&nbsp;Pr&eacute;face&nbsp;|&nbsp;Table des mati&egrave;res&nbsp;|&nbsp;Extraits&nbsp;|&nbsp;Fiche-livre &eacute;diteur&nbsp; |&nbsp;Revue presse&nbsp;|&nbsp;Revue de livre&nbsp;] &nbsp; &nbsp; Le livre C&#39;est &agrave; l&#39;observation d&#39;une jeunesse, issue d&#39;une &#8230; <a class=\"continue-reading-link\" href=\"https:\/\/reda.archipress.org\/?page_id=393\"> Continue reading<\/a><\/p>\n","protected":false},"author":1,"featured_media":0,"parent":43,"menu_order":0,"comment_status":"closed","ping_status":"closed","template":"","meta":{"footnotes":""},"class_list":["post-393","page","type-page","status-publish","hentry"],"_links":{"self":[{"href":"https:\/\/reda.archipress.org\/index.php?rest_route=\/wp\/v2\/pages\/393","targetHints":{"allow":["GET"]}}],"collection":[{"href":"https:\/\/reda.archipress.org\/index.php?rest_route=\/wp\/v2\/pages"}],"about":[{"href":"https:\/\/reda.archipress.org\/index.php?rest_route=\/wp\/v2\/types\/page"}],"author":[{"embeddable":true,"href":"https:\/\/reda.archipress.org\/index.php?rest_route=\/wp\/v2\/users\/1"}],"replies":[{"embeddable":true,"href":"https:\/\/reda.archipress.org\/index.php?rest_route=%2Fwp%2Fv2%2Fcomments&post=393"}],"version-history":[{"count":0,"href":"https:\/\/reda.archipress.org\/index.php?rest_route=\/wp\/v2\/pages\/393\/revisions"}],"up":[{"embeddable":true,"href":"https:\/\/reda.archipress.org\/index.php?rest_route=\/wp\/v2\/pages\/43"}],"wp:attachment":[{"href":"https:\/\/reda.archipress.org\/index.php?rest_route=%2Fwp%2Fv2%2Fmedia&parent=393"}],"curies":[{"name":"wp","href":"https:\/\/api.w.org\/{rel}","templated":true}]}}