{"id":385,"date":"2014-05-25T17:44:34","date_gmt":"2014-05-25T17:44:34","guid":{"rendered":"https:\/\/archipress.org\/reda2\/?page_id=385"},"modified":"2014-05-25T17:44:34","modified_gmt":"2014-05-25T17:44:34","slug":"la-teoria-della-complessita","status":"publish","type":"page","link":"https:\/\/reda.archipress.org\/?page_id=385","title":{"rendered":"La teoria della complessit\u00e0"},"content":{"rendered":"<div class=\"titolosfoglia\">\n<div align=\"justify\"><em><img loading=\"lazy\" decoding=\"async\" title=\"La teoria della complessit\u00e0,  R\u00e9da Benkirane, Bollati Boringhieri, 2007 \" src=\"https:\/\/reda.archipress.org\/images\/stories\/complexite\/complessita.jpg\" alt=\"La teoria della complessit\u00e0,  R\u00e9da Benkirane, Bollati Boringhieri, 2007 \" width=\"200\" height=\"298\" align=\"left\" hspace=\"3\" vspace=\"3\" \/>La teoria della complessit\u00e0,\u00a0<\/em>\u00a0R\u00e9da Benkirane,\u00a0Traduzione di Alessandro Gusman,\u00a0Bollati Boringhieri,\u00a0Collana \u00abSaggi scienze\u00bb,\u00a02007.<\/div>\n<p>ISBN:\u00a09788833918174<\/p>\n<\/div>\n<div class=\"titolosfoglia\"><span style=\"color: #000000;\">[\u00a0<\/span><a href=\"\/reda\/?page_id=196\">Pr\u00e9sentation<\/a><span style=\"color: #000000;\">\u00a0|\u00a0<\/span><a href=\"\/reda\/?page_id=203\">Presentation in English<\/a><span style=\"color: #000000;\">\u00a0|\u00a0<\/span><a href=\"\/reda\/?page_id=208\">Sommaire<\/a><span style=\"color: #000000;\">\u00a0|\u00a0<\/span><a href=\"\/reda\/?page_id=660\">Pr\u00e9face<\/a><span style=\"color: #000000;\">\u00a0|\u00a0<\/span><a href=\"\/reda\/?page_id=248\">Bibliographie<\/a><span style=\"color: #000000;\">\u00a0|\u00a0<\/span><a href=\"\/reda\/?page_id=250\">Notes de lecture<\/a><span style=\"color: #000000;\">\u00a0|\u00a0<\/span><a href=\"\/reda\/?page_id=263\">Articles de presse<\/a><span style=\"color: #000000;\">\u00a0|\u00a0<\/span><a href=\"\/reda\/?page_id=385\">Edition \u00e9trang\u00e8re 1<\/a><span style=\"color: #000000;\">\u00a0|\u00a0<\/span><a href=\"\/reda\/?page_id=383\">Edition \u00e9trang\u00e8re 2<\/a><span style=\"color: #000000;\">\u00a0]<\/span><\/div>\n<div class=\"titolosfoglia\"><\/div>\n<div align=\"justify\">Che cos\u2019hanno in comune la complessit\u00e0 di una rete informatica e quella degli insetti sociali? Quali sono le possibilit\u00e0 e i limiti dell\u2019intelligenza artificiale? Che cos\u2019\u00e8 il caso? Dio \u00e8 un orologiaio, o piuttosto un computer cosmico? L\u2019Universo \u00e8 finito o infinito? \u00c8 possibile una teoria del tutto? Ecco alcune delle affascinanti questioni poste da R\u00e9da Benkirane ai pi\u00f9 grandi esperti di teoria della complessit\u00e0, tra cui Edgar Morin, Ilya Prigogine e Francisco Varela. Le conversazioni, riportate nel libro, formano la trama di un viaggio attraverso diversi campi e livelli della realt\u00e0: particelle elementari, atomi, molecole, geni, neuroni, formiche, pulci elettroniche, automi cellulari, robot, cyberspazio, individui e societ\u00e0 contemporanee, entit\u00e0 matematiche, corpi celesti saranno osservati e descritti attraverso il prisma della complessit\u00e0.<\/div>\n<div align=\"justify\"><\/div>\n<div align=\"justify\"><strong>l&rsquo;autore<\/strong><\/div>\n<div align=\"justify\">R\u00e9da Benkirane \u00e8 sociologa e specialista dell\u2019informazione. Svolge attivit\u00e0 di consulenza presso diverse organizzazioni internazionali.<\/div>\n<div class=\"titolosfoglia\"><\/div>\n<div class=\"titolosfoglia\"><\/div>\n<p><strong>Indice<\/strong><\/p>\n<p style=\"text-align: justify;\">Il complesso, ci\u00f2 che \u00e8 tessuto insieme (intervista con Edgar Morin) La fine delle certezze (intervista con Ilya Prigogine) Fondere i bit e gli atomi (intervista con Neil Gershenfeld) Sulla vita in silico (intervista con Daniel Mange) Emergenza e insetti sociali (intervista con Jean-Louis Deneubourg) L\u2019intelligenza artificiale, evolutiva e ascendente (intervista con Luc Steels) Le \u00abbio-logiche\u00bb, o tutto ci\u00f2 che potrebbe essere (intervista con Christopher Langton) Autopoiesi ed emergenza (intervista con Francisco Varela) Verso una scienza qualitativa (intervista con Brian Goodwin) Spirali dell\u2019autorganizazione (intervista con Stuart Kauffman) Transizioni di fase (intervista con Bernard Derrida) Storie di caos (intervista con Yves Pomeau) Caso, caos e matematica (intervista con Ivar Ekeland) Complessit\u00e0, logica e caso (intervista con Gregory Chaitin) Sulla scienza dei limiti e sui limiti della scienza (intervista con John Barrow) La relativit\u00e0 di scala (intervista con Laurent Nottale) L\u2019inflazione caotica dell\u2019universo (intervista con Andrei Linde) Le scienze che ci avvicinano alla singolarit\u00e0 (intervista con Michel Serres)<\/p>\n<p><a style=\"font-weight: bold; color: #4d6aba;\" href=\"http:\/\/www.bollatiboringhieri.it\/scheda.php?codice=9788833918174\" target=\"_blank\">Bollati Boringhieri<\/a><\/p>\n","protected":false},"excerpt":{"rendered":"<p>La teoria della complessit\u00e0,\u00a0\u00a0R\u00e9da Benkirane,\u00a0Traduzione di Alessandro Gusman,\u00a0Bollati Boringhieri,\u00a0Collana \u00abSaggi scienze\u00bb,\u00a02007. ISBN:\u00a09788833918174 [\u00a0Pr\u00e9sentation\u00a0|\u00a0Presentation in English\u00a0|\u00a0Sommaire\u00a0|\u00a0Pr\u00e9face\u00a0|\u00a0Bibliographie\u00a0|\u00a0Notes de lecture\u00a0|\u00a0Articles de presse\u00a0|\u00a0Edition \u00e9trang\u00e8re 1\u00a0|\u00a0Edition \u00e9trang\u00e8re 2\u00a0] Che cos\u2019hanno in comune la complessit\u00e0 di una rete informatica e quella degli insetti sociali? Quali sono le possibilit\u00e0 e i limiti dell\u2019intelligenza artificiale? Che cos\u2019\u00e8 il &#8230; <a class=\"continue-reading-link\" href=\"https:\/\/reda.archipress.org\/?page_id=385\"> Continue reading<\/a><\/p>\n","protected":false},"author":1,"featured_media":0,"parent":196,"menu_order":1,"comment_status":"closed","ping_status":"closed","template":"","meta":{"footnotes":""},"class_list":["post-385","page","type-page","status-publish","hentry"],"_links":{"self":[{"href":"https:\/\/reda.archipress.org\/index.php?rest_route=\/wp\/v2\/pages\/385","targetHints":{"allow":["GET"]}}],"collection":[{"href":"https:\/\/reda.archipress.org\/index.php?rest_route=\/wp\/v2\/pages"}],"about":[{"href":"https:\/\/reda.archipress.org\/index.php?rest_route=\/wp\/v2\/types\/page"}],"author":[{"embeddable":true,"href":"https:\/\/reda.archipress.org\/index.php?rest_route=\/wp\/v2\/users\/1"}],"replies":[{"embeddable":true,"href":"https:\/\/reda.archipress.org\/index.php?rest_route=%2Fwp%2Fv2%2Fcomments&post=385"}],"version-history":[{"count":0,"href":"https:\/\/reda.archipress.org\/index.php?rest_route=\/wp\/v2\/pages\/385\/revisions"}],"up":[{"embeddable":true,"href":"https:\/\/reda.archipress.org\/index.php?rest_route=\/wp\/v2\/pages\/196"}],"wp:attachment":[{"href":"https:\/\/reda.archipress.org\/index.php?rest_route=%2Fwp%2Fv2%2Fmedia&parent=385"}],"curies":[{"name":"wp","href":"https:\/\/api.w.org\/{rel}","templated":true}]}}