{"id":1249,"date":"2014-06-01T14:53:16","date_gmt":"2014-06-01T13:53:16","guid":{"rendered":"https:\/\/reda.archipress.org?page_id=1249"},"modified":"2014-06-01T14:53:16","modified_gmt":"2014-06-01T13:53:16","slug":"islam-et-revolution-de-la-theologie-de-la-liberation-a-la-liberation-de-la-theologie","status":"publish","type":"page","link":"https:\/\/reda.archipress.org\/?page_id=1249","title":{"rendered":"Islam et r\u00e9volution : de la th\u00e9ologie de la lib\u00e9ration \u00e0 la lib\u00e9ration de la\n\t\t\t\tth\u00e9ologie"},"content":{"rendered":"<style type=\"text\/css\" media=\"all\">.printfriendly {display: none!important;}<\/style>\n<p>\n\tpar R&eacute;da Benkirane\n<\/p>\n<p>\n\t<img loading=\"lazy\" decoding=\"async\" alt=\"iheid\" class=\"alignleft size-full wp-image-1250\" height=\"50\" src=\"https:\/\/reda.archipress.org\/wp-content\/uploads\/2014\/06\/iheid.jpg\" style=\"margin: 3px;\" title=\"\" width=\"253\" \/>\n<\/p>\n<p>\n\t<span style=\"line-height: 1.6em;\">Colloque international &quot;Religion et Etat: logiques de la s&eacute;cularisation et de la citoyennet&eacute; en islam&quot;<\/span><br \/>\n\t<span style=\"line-height: 1.6em;\">Institut de hautes &eacute;tudes internationales et du d&eacute;veloppement (IHEID), Gen&egrave;ve, &nbsp;7 juin 2013<\/span>\n<\/p>\n<p>\n\t&nbsp;\n<\/p>\n<p>\n\t<iframe loading=\"lazy\" allowfullscreen=\"\" frameborder=\"0\" height=\"315\" src=\"\/\/www.youtube.com\/embed\/BYNvuQ4Dx7w\" width=\"560\"><\/iframe><\/p>\n","protected":false},"excerpt":{"rendered":"<p>par R&eacute;da Benkirane Colloque international &quot;Religion et Etat: logiques de la s&eacute;cularisation et de la citoyennet&eacute; en islam&quot; Institut de hautes &eacute;tudes internationales et du d&eacute;veloppement (IHEID), Gen&egrave;ve, &nbsp;7 juin 2013 &nbsp; <a class=\"continue-reading-link\" href=\"https:\/\/reda.archipress.org\/?page_id=1249\"> Continue reading<\/a><\/p>\n","protected":false},"author":1,"featured_media":0,"parent":735,"menu_order":0,"comment_status":"closed","ping_status":"closed","template":"","meta":{"footnotes":""},"class_list":["post-1249","page","type-page","status-publish","hentry"],"_links":{"self":[{"href":"https:\/\/reda.archipress.org\/index.php?rest_route=\/wp\/v2\/pages\/1249","targetHints":{"allow":["GET"]}}],"collection":[{"href":"https:\/\/reda.archipress.org\/index.php?rest_route=\/wp\/v2\/pages"}],"about":[{"href":"https:\/\/reda.archipress.org\/index.php?rest_route=\/wp\/v2\/types\/page"}],"author":[{"embeddable":true,"href":"https:\/\/reda.archipress.org\/index.php?rest_route=\/wp\/v2\/users\/1"}],"replies":[{"embeddable":true,"href":"https:\/\/reda.archipress.org\/index.php?rest_route=%2Fwp%2Fv2%2Fcomments&post=1249"}],"version-history":[{"count":0,"href":"https:\/\/reda.archipress.org\/index.php?rest_route=\/wp\/v2\/pages\/1249\/revisions"}],"up":[{"embeddable":true,"href":"https:\/\/reda.archipress.org\/index.php?rest_route=\/wp\/v2\/pages\/735"}],"wp:attachment":[{"href":"https:\/\/reda.archipress.org\/index.php?rest_route=%2Fwp%2Fv2%2Fmedia&parent=1249"}],"curies":[{"name":"wp","href":"https:\/\/api.w.org\/{rel}","templated":true}]}}